{"id":240,"date":"2022-04-06T22:29:59","date_gmt":"2022-04-06T20:29:59","guid":{"rendered":"https:\/\/schoppe.it\/wiki\/?page_id=240"},"modified":"2022-04-06T22:29:59","modified_gmt":"2022-04-06T20:29:59","slug":"partner","status":"publish","type":"page","link":"https:\/\/schoppe.it\/wiki\/partner\/","title":{"rendered":"Partner"},"content":{"rendered":"\n<h2 class=\"wp-block-heading\">Alfahosting<\/h2>\n\n\n\n<p>Mit Alfahosting arbeite ich schon zusammen, seit dem ich mich \u00fcberhaupt mit dem Thema Webserver und Webseiten besch\u00e4ftigt habe. Angefangen habe ich mit einem der kleinen Webhosting Tarife f\u00fcr nur wenige Euro pro Monat. Inzwischen nutze ich gr\u00f6\u00dfere Webserver Produkte, weil ich so unabh\u00e4ngiger agieren kann.<\/p>\n\n\n\n<p>Alfahosting bietet ein gutes Preis-Leistung-Verh\u00e4ltnis. Kunde bin ich aber haupts\u00e4chlich wegen des hervorragenden Supports. Selbst bei Tickets auf niedrigere Priorit\u00e4t erhalten ich i.d.R. innerhalb weniger Minuten eine kompetente und freundliche Antwort.<\/p>\n\n\n\n<p><a href=\"https:\/\/alfahosting.de\/webhosting\/?wmid=wm-564402\">https:\/\/alfahosting.de\/webhosting\/?wmid=wm-564402<\/a><\/p>\n\n\n\n<center><a target=\"_blank\" href=\"https:\/\/alfahosting.de\/webhosting\/?wmid=wm-564402\" rel=\"noopener\">\n<img loading=\"lazy\" decoding=\"async\" src=\"https:\/\/bannerfarm.alphahosting.de\/wordpress\/banner-wordpress_728x90_Leaderboard.png\" width=\"728\" height=\"90\" alt=\"Alfahosting - WordPress-Hosting\">\n<\/a><\/center>\n\n\n\n<h2 class=\"wp-block-heading\">Hetzner<\/h2>\n\n\n\n<p>Hetzner ist ein professioneller Webhosting-Dienstleister und erfahrener Rechenzentrenbetreiber. <\/p>\n\n\n\n<p>Ich selbst nutze Hetzner Cloud Server f\u00fcr kleinere Projekte, f\u00fcr die ich &#8211; mal schnell &#8211; einen virtuellen Server aufsetzen muss. Die Bereitstellung erfolgt in nur wenigen Minuten.<\/p>\n\n\n\n<p><strong>\u00dcber den folgenden Link erhalten Sie als Neukunde 20 Euro Cloud-Guthaben geschenkt!<\/strong><\/p>\n\n\n\n<p><a href=\"https:\/\/hetzner.cloud\/?ref=GRbszpZkwb3M\">https:\/\/hetzner.cloud\/?ref=GRbszpZkwb3M<\/a><\/p>\n\n\n\n<h2 class=\"wp-block-heading\">Amazon<\/h2>\n\n\n\n<p>Der obligatorische Amazon Partner Link f\u00fcr Ihre n\u00e4chste Bestellung. Vielen Dank.<\/p>\n\n\n\n<p><a href=\"https:\/\/amzn.to\/3ufQC0B\">https:\/\/amzn.to\/3ufQC0B<\/a><\/p>\n\n\n\n<h2 class=\"wp-block-heading\">F\u00fcr die Transparenz<\/h2>\n\n\n\n<p>Wenn Sie sich \u00fcber einen der Partnerlinks registrieren, Vertr\u00e4ge abschlie\u00dfen und\/oder Ums\u00e4tze t\u00e4tigen, erhalte ich eine Provision.<\/p>\n\n\n\n<p>Da ich nicht wei\u00df, ob ich die H\u00f6he der Provision hier ver\u00f6ffentlichen darf, tue ich es nicht.<\/p>\n","protected":false},"excerpt":{"rendered":"<p>Alfahosting Mit Alfahosting arbeite ich schon zusammen, seit dem ich mich \u00fcberhaupt mit dem Thema Webserver und Webseiten besch\u00e4ftigt habe. Angefangen habe ich mit einem der kleinen Webhosting Tarife f\u00fcr nur wenige Euro pro Monat. Inzwischen nutze ich gr\u00f6\u00dfere Webserver Produkte, weil ich so unabh\u00e4ngiger agieren kann. Alfahosting bietet ein gutes Preis-Leistung-Verh\u00e4ltnis. Kunde bin ich&hellip; <a class=\"more-link\" href=\"https:\/\/schoppe.it\/wiki\/partner\/\"><span class=\"screen-reader-text\">Partner<\/span> weiterlesen<\/a><\/p>\n","protected":false},"author":1,"featured_media":0,"parent":0,"menu_order":0,"comment_status":"closed","ping_status":"closed","template":"","meta":{"footnotes":""},"class_list":["post-240","page","type-page","status-publish","hentry","entry"],"_links":{"self":[{"href":"https:\/\/schoppe.it\/wiki\/wp-json\/wp\/v2\/pages\/240","targetHints":{"allow":["GET"]}}],"collection":[{"href":"https:\/\/schoppe.it\/wiki\/wp-json\/wp\/v2\/pages"}],"about":[{"href":"https:\/\/schoppe.it\/wiki\/wp-json\/wp\/v2\/types\/page"}],"author":[{"embeddable":true,"href":"https:\/\/schoppe.it\/wiki\/wp-json\/wp\/v2\/users\/1"}],"replies":[{"embeddable":true,"href":"https:\/\/schoppe.it\/wiki\/wp-json\/wp\/v2\/comments?post=240"}],"version-history":[{"count":1,"href":"https:\/\/schoppe.it\/wiki\/wp-json\/wp\/v2\/pages\/240\/revisions"}],"predecessor-version":[{"id":241,"href":"https:\/\/schoppe.it\/wiki\/wp-json\/wp\/v2\/pages\/240\/revisions\/241"}],"wp:attachment":[{"href":"https:\/\/schoppe.it\/wiki\/wp-json\/wp\/v2\/media?parent=240"}],"curies":[{"name":"wp","href":"https:\/\/api.w.org\/{rel}","templated":true}]}}